{"id":8,"date":"2019-03-18T23:51:36","date_gmt":"2019-03-18T22:51:36","guid":{"rendered":"https:\/\/thierrymortiaux.com\/?page_id=8"},"modified":"2020-05-16T22:26:24","modified_gmt":"2020-05-16T20:26:24","slug":"dossier-de-presse","status":"publish","type":"page","link":"https:\/\/thierrymortiaux.com\/index.php\/dossier-de-presse\/","title":{"rendered":"Dossier de presse"},"content":{"rendered":"<h2 style=\"text-align: left;\">Article paru dans la revue Actuel n\u00b016, juillet 2019<\/h2>\n<p><a href=\"https:\/\/thierrymortiaux.com\/wp-content\/uploads\/2019\/09\/A-le\u0301preuve-du-vivant.jpg\"><img loading=\"lazy\" decoding=\"async\" class=\"alignnone wp-image-255 \" src=\"https:\/\/thierrymortiaux.com\/wp-content\/uploads\/2019\/09\/A-le\u0301preuve-du-vivant.jpg\" alt=\"\" width=\"1170\" height=\"1638\" \/><\/a><\/p>\n<pre style=\"text-align: center;\">Article paru dans\u00a0<strong><a href=\"http:\/\/www.mu-inthecity.com\/2019\/06\/salon-dartthierry-mortiaux-salon-d-art\/?fbclid=IwAR1QzZqGA77W0MOkaCnursvNgnf2DBM0Pl4Bt_7iAYsHOq4inRFUUH4oSCY\">Mu In The City<\/a>\r\n\r\n\r\n<a href=\"https:\/\/thierrymortiaux.com\/wp-content\/uploads\/2019\/07\/Mu-in-the-city-2019-1.png\"><img loading=\"lazy\" decoding=\"async\" class=\"alignnone size-large wp-image-187\" src=\"https:\/\/thierrymortiaux.com\/wp-content\/uploads\/2019\/07\/Mu-in-the-city-2019-1-1024x896.png\" alt=\"\" width=\"960\" height=\"840\" \/><\/a>\r\n<\/strong><\/pre>\n<h5 style=\"text-align: center;\"><\/h5>\n<h2 style=\"text-align: center;\">Article paru dans La Libre Belgique, juin 2019<\/h2>\n<h5><a href=\"https:\/\/thierrymortiaux.com\/wp-content\/uploads\/2019\/06\/La-Libre-Turine-2019.jpg\"><img loading=\"lazy\" decoding=\"async\" class=\"wp-image-173 aligncenter\" src=\"https:\/\/thierrymortiaux.com\/wp-content\/uploads\/2019\/06\/La-Libre-Turine-2019-723x1024.jpg\" alt=\"\" width=\"546\" height=\"774\" \/><\/a><\/h5>\n<h2 style=\"text-align: center;\">Article paru dans Bruzz, Mai 2019<\/h2>\n<h2><a href=\"https:\/\/thierrymortiaux.com\/wp-content\/uploads\/2019\/06\/Bruzz.png\"><img decoding=\"async\" class=\"alignnone wp-image-159 size-full aligncenter\" src=\"https:\/\/thierrymortiaux.com\/wp-content\/uploads\/2019\/06\/Bruzz.png\" alt=\"\" \/><\/a><\/h2>\n<h2 style=\"text-align: center;\">Article paru dans le VIF,\u00a0 Mai 2019<\/h2>\n<h2 style=\"text-align: center;\"><a href=\"https:\/\/thierrymortiaux.com\/wp-content\/uploads\/2019\/06\/Le-vif.jpg\"><img decoding=\"async\" class=\"wp-image-162 size-full aligncenter\" src=\"https:\/\/thierrymortiaux.com\/wp-content\/uploads\/2019\/06\/Le-vif.jpg\" alt=\"\" \/><\/a><\/h2>\n<h2><\/h2>\n<h2>Article paru dans la revue Arts et M\u00e9tiers du livre, octobre 2018.<\/h2>\n<p><a href=\"https:\/\/thierrymortiaux.com\/wp-content\/uploads\/2019\/04\/press-arst-et-metiers-du-livre.jpg\"><img loading=\"lazy\" decoding=\"async\" class=\"alignnone size-full wp-image-77\" src=\"https:\/\/thierrymortiaux.com\/wp-content\/uploads\/2019\/04\/press-arst-et-metiers-du-livre.jpg\" alt=\"\" width=\"1920\" height=\"1245\" \/><\/a><\/p>\n<h2>Mus\u00e9e Tomi Ungerer \u2013 Centre international de l\u2019Illustration, 2018<\/h2>\n<p><a href=\"https:\/\/thierrymortiaux.com\/wp-content\/uploads\/2019\/03\/press-museee-tomi-ungerer.jpg\"><img loading=\"lazy\" decoding=\"async\" class=\"alignnone wp-image-19 size-full\" src=\"https:\/\/thierrymortiaux.com\/wp-content\/uploads\/2019\/03\/press-museee-tomi-ungerer.jpg\" alt=\"\" width=\"1920\" height=\"2099\" \/><\/a><\/p>\n<h2><\/h2>\n<h2>Galerie L&rsquo;Ang\u00e9lus, Barbizon (FR.), d\u00e9cembre 2018<\/h2>\n<h3><em>Vu et lu pour vous,<\/em> G\u00e9rard Robin<\/h3>\n<h2><a href=\"https:\/\/thierrymortiaux.com\/wp-content\/uploads\/2019\/04\/Galerie-lAngelus-e1554405352171.jpg\"><img loading=\"lazy\" decoding=\"async\" class=\"alignnone wp-image-144 size-full\" src=\"https:\/\/thierrymortiaux.com\/wp-content\/uploads\/2019\/04\/Galerie-lAngelus-e1554405352171.jpg\" alt=\"\" width=\"1112\" height=\"442\" \/><\/a><\/h2>\n<h2>\u00a0\u00a0\u00a0\u00a0\u00a0\u00a0\u00a0 Gravix, mars 2018<\/h2>\n<p><a href=\"https:\/\/thierrymortiaux.com\/wp-content\/uploads\/2019\/04\/Article-Gravix.jpg\"><img loading=\"lazy\" decoding=\"async\" class=\"alignnone wp-image-76 size-full\" src=\"https:\/\/thierrymortiaux.com\/wp-content\/uploads\/2019\/04\/Article-Gravix-e1554404799206.jpg\" alt=\"\" width=\"1420\" height=\"1321\" \/><\/a><\/p>\n<h2 style=\"text-align: left;\">\u2022\u2022\u2022\u2022\u2022\u2022\u2022\u2022\u2022\u2022\u2022\u2022\u2022\u2022\u2022\u2022\u2022\u2022\u2022\u2022\u2022\u2022\u2022\u2022\u2022\u2022\u2022\u2022\u2022\u2022\u2022\u2022\u2022\u2022\u2022\u2022\u2022\u2022\u2022\u2022\u2022\u2022\u2022\u2022\u2022\u2022\u2022\u2022\u2022\u2022\u2022\u2022\u2022\u2022\u2022\u2022\u2022\u2022\u2022\u2022\u2022\u2022\u2022\u2022\u2022\u2022\u2022\u2022\u2022\u2022\u2022\u2022\u2022\u2022\u2022\u2022\u2022\u2022\u2022\u2022\u2022\u2022\u2022\u2022\u2022\u2022\u2022\u2022\u2022\u2022\u2022<\/h2>\n<h2 style=\"text-align: center;\">Radio libertaire: \u00e9mission ArtRacaille 10\/10\/2017<\/h2>\n<h2 style=\"text-align: center;\"><a href=\"https:\/\/www.youtube.com\/watch?v=1jNfhaoH-Ec\">\u261e<\/a><a href=\"http:\/\/www.artracaille.fr\/archives\/tag\/artracaille\/index-15.html\">St Maur, la biennale de l&rsquo;estampe<\/a> &#8211; <a href=\"http:\/\/www.artracaille.fr\/archives\/tag\/artracaille\/index-15.html\" target=\"_blank\" rel=\"noopener noreferrer\">Thierry Mortiaux<\/a><a href=\"http:\/\/www.artracaille.fr\/archives\/tag\/artracaille\/index-15.html\">., 1er prix.<\/a><\/h2>\n<h2 style=\"text-align: center;\">Radio libertaire: \u00e9mission ArtRacaille 22\/05\/2018<\/h2>\n<h2 style=\"text-align: center;\"><a href=\"https:\/\/www.youtube.com\/watch?v=1jNfhaoH-Ec\">\u261eFelicien Rops, Thierry Mortiaux et les graveurs belges.<\/a><\/h2>\n<h2>\u2022\u2022\u2022\u2022\u2022\u2022\u2022\u2022\u2022\u2022\u2022\u2022\u2022\u2022\u2022\u2022\u2022\u2022\u2022\u2022\u2022\u2022\u2022\u2022\u2022\u2022\u2022\u2022\u2022\u2022\u2022\u2022\u2022\u2022\u2022\u2022\u2022\u2022\u2022\u2022\u2022\u2022\u2022\u2022\u2022\u2022\u2022\u2022\u2022\u2022\u2022\u2022\u2022\u2022\u2022\u2022\u2022\u2022\u2022\u2022\u2022\u2022\u2022\u2022\u2022\u2022\u2022\u2022\u2022\u2022\u2022\u2022\u2022\u2022\u2022\u2022\u2022\u2022\u2022\u2022\u2022\u2022\u2022\u2022\u2022\u2022\u2022\u2022\u2022\u2022\u2022<\/h2>\n<h2 class=\"title style-scope ytd-video-primary-info-renderer\" style=\"text-align: left;\">Article paru dans Collect AAA, mai 2016, Gwenaelle Gribaumont<\/h2>\n<p><a href=\"https:\/\/thierrymortiaux.com\/wp-content\/uploads\/2019\/11\/Gwenae\u0308lle-Gribaumont.jpg\"><img loading=\"lazy\" decoding=\"async\" class=\"alignnone size-full wp-image-282\" src=\"https:\/\/thierrymortiaux.com\/wp-content\/uploads\/2019\/11\/Gwenae\u0308lle-Gribaumont.jpg\" alt=\"\" width=\"3219\" height=\"1918\" \/><\/a><\/p>\n<p>&nbsp;<\/p>\n<h2>Article paru dans le Vif, l&rsquo;oeuvre de la semaine, Guy Gilsoul, 2016<\/h2>\n<p><a href=\"https:\/\/thierrymortiaux.com\/wp-content\/uploads\/2019\/11\/Le-vif-loeuvre-de-la-semaine-2016.jpeg\"><img loading=\"lazy\" decoding=\"async\" class=\"alignnone size-full wp-image-284\" src=\"https:\/\/thierrymortiaux.com\/wp-content\/uploads\/2019\/11\/Le-vif-loeuvre-de-la-semaine-2016.jpeg\" alt=\"\" width=\"3150\" height=\"1994\" \/><\/a><\/p>\n<p>&nbsp;<\/p>\n<h2>Article paru dans Le Vif\u00a0 Focus, mai 2016, Michel Verlinden<\/h2>\n<p><a href=\"https:\/\/thierrymortiaux.com\/wp-content\/uploads\/2019\/11\/Barouf-Focus-le-Vif-e1573677706961.jpg\"><img loading=\"lazy\" decoding=\"async\" class=\"alignnone wp-image-286 size-full\" src=\"https:\/\/thierrymortiaux.com\/wp-content\/uploads\/2019\/11\/Barouf-Focus-le-Vif-e1573677706961.jpg\" alt=\"\" width=\"2162\" height=\"3247\" \/><\/a><\/p>\n<h2><\/h2>\n<p>&nbsp;<\/p>\n<h2>Galerie Epreuve d&rsquo;Artiste Anvers 2014<\/h2>\n<p><a href=\"https:\/\/thierrymortiaux.com\/wp-content\/uploads\/2019\/11\/Epreuve-dartiste-Anvers-2014-12-e1573677265435.jpg\"><img loading=\"lazy\" decoding=\"async\" class=\"alignnone size-full wp-image-279\" src=\"https:\/\/thierrymortiaux.com\/wp-content\/uploads\/2019\/11\/Epreuve-dartiste-Anvers-2014-12-e1573677265435.jpg\" alt=\"\" width=\"2448\" height=\"3264\" \/><\/a> <a href=\"https:\/\/thierrymortiaux.com\/wp-content\/uploads\/2019\/11\/Epreuve-dartiste-Anvers-2014-22-e1573677349986.jpeg\"><img loading=\"lazy\" decoding=\"async\" class=\"alignnone wp-image-280 size-full\" src=\"https:\/\/thierrymortiaux.com\/wp-content\/uploads\/2019\/11\/Epreuve-dartiste-Anvers-2014-22-e1573677349986.jpeg\" alt=\"\" width=\"2431\" height=\"1313\" \/><\/a><\/p>\n<p>&nbsp;<\/p>\n<p>&nbsp;<\/p>\n<p><a href=\"https:\/\/thierrymortiaux.com\/wp-content\/uploads\/2019\/10\/Serge-Hartmann.jpg\"><img loading=\"lazy\" decoding=\"async\" class=\"alignnone wp-image-264 size-full\" src=\"https:\/\/thierrymortiaux.com\/wp-content\/uploads\/2019\/10\/Serge-Hartmann.jpg\" alt=\"\" width=\"1240\" height=\"1753\" \/><\/a><\/p>\n<p><a href=\"https:\/\/thierrymortiaux.com\/wp-content\/uploads\/2019\/10\/Mortiaux-DNA-CULTURE-12-06-Julie-Carpentier.docx.jpg\"><img loading=\"lazy\" decoding=\"async\" class=\"alignnone size-full wp-image-267\" src=\"https:\/\/thierrymortiaux.com\/wp-content\/uploads\/2019\/10\/Mortiaux-DNA-CULTURE-12-06-Julie-Carpentier.docx.jpg\" alt=\"\" width=\"1275\" height=\"1650\" \/><\/a><\/p>\n<p>&nbsp;<\/p>\n<p>&nbsp;<\/p>\n<p>&nbsp;<\/p>\n<p>&nbsp;<\/p>\n<h2>Article paru dans la Libre Belgique le 7 juin 2013<\/h2>\n<p><a href=\"https:\/\/thierrymortiaux.com\/wp-content\/uploads\/2019\/04\/press-la-libre-belgique.jpg\"><img loading=\"lazy\" decoding=\"async\" class=\"alignnone size-full wp-image-78\" src=\"https:\/\/thierrymortiaux.com\/wp-content\/uploads\/2019\/04\/press-la-libre-belgique.jpg\" alt=\"\" width=\"1920\" height=\"1097\" \/><\/a><\/p>\n<h2>Article paru dans l\u2019ECHO, quotidien Belge, le samedi 1 juin 2013<\/h2>\n<p><a href=\"https:\/\/thierrymortiaux.com\/wp-content\/uploads\/2019\/03\/press-quel-cirque.jpg\"><img loading=\"lazy\" decoding=\"async\" class=\"alignnone wp-image-20 size-full\" src=\"https:\/\/thierrymortiaux.com\/wp-content\/uploads\/2019\/03\/press-quel-cirque.jpg\" alt=\"\" width=\"1920\" height=\"1437\" \/><\/a><\/p>\n<h2>Article paru dans la Libre Belgique, le 19 f\u00e9vrier 2010<\/h2>\n<p><a href=\"https:\/\/thierrymortiaux.com\/wp-content\/uploads\/2019\/03\/press-libre-belgique.jpg\"><img decoding=\"async\" class=\"alignnone size-full wp-image-17\" src=\"https:\/\/thierrymortiaux.com\/wp-content\/uploads\/2019\/03\/press-libre-belgique.jpg\" alt=\"\" \/><\/a><\/p>\n<h2>Article paru dans le M.A.D. le 17 f\u00e9vrier 2010<\/h2>\n<p><a href=\"https:\/\/thierrymortiaux.com\/wp-content\/uploads\/2019\/03\/press-m-a-d.jpg\"><img decoding=\"async\" class=\"alignnone size-full wp-image-18\" src=\"https:\/\/thierrymortiaux.com\/wp-content\/uploads\/2019\/03\/press-m-a-d.jpg\" alt=\"\" \/><\/a><\/p>\n<h2>Article paru dans le Vif L\u2019Express du 22 janvier 2010<\/h2>\n<p><a href=\"https:\/\/thierrymortiaux.com\/wp-content\/uploads\/2019\/03\/press-vif-l-express.jpg\"><img decoding=\"async\" class=\"alignnone size-full wp-image-21\" src=\"https:\/\/thierrymortiaux.com\/wp-content\/uploads\/2019\/03\/press-vif-l-express.jpg\" alt=\"\" \/><\/a><\/p>\n","protected":false},"excerpt":{"rendered":"<p>Article paru dans la revue Actuel n\u00b016, juillet 2019 Article paru dans\u00a0Mu In The City Article paru dans La Libre Belgique, juin 2019 Article paru dans Bruzz, Mai 2019 Article paru dans le VIF,\u00a0 Mai 2019 Article paru dans la revue Arts et M\u00e9tiers du livre, octobre 2018. Mus\u00e9e Tomi Ungerer \u2013 Centre international de l\u2019Illustration, 2018 Galerie L&rsquo;Ang\u00e9lus, Barbizon (FR.), d\u00e9cembre 2018 Vu et lu pour vous, G\u00e9rard Robin \u00a0\u00a0\u00a0\u00a0\u00a0\u00a0\u00a0 Gravix, mars 2018 \u2022\u2022\u2022\u2022\u2022\u2022\u2022\u2022\u2022\u2022\u2022\u2022\u2022\u2022\u2022\u2022\u2022\u2022\u2022\u2022\u2022\u2022\u2022\u2022\u2022\u2022\u2022\u2022\u2022\u2022\u2022\u2022\u2022\u2022\u2022\u2022\u2022\u2022\u2022\u2022\u2022\u2022\u2022\u2022\u2022\u2022\u2022\u2022\u2022\u2022\u2022\u2022\u2022\u2022\u2022\u2022\u2022\u2022\u2022\u2022\u2022\u2022\u2022\u2022\u2022\u2022\u2022\u2022\u2022\u2022\u2022\u2022\u2022\u2022\u2022\u2022\u2022\u2022\u2022\u2022\u2022\u2022\u2022\u2022\u2022\u2022\u2022\u2022\u2022\u2022\u2022 Radio libertaire: \u00e9mission ArtRacaille 10\/10\/2017 \u261eSt Maur, la biennale de l&rsquo;estampe &#8211; Thierry Mortiaux., 1er prix. Radio libertaire: \u00e9mission ArtRacaille 22\/05\/2018 \u261eFelicien Rops, Thierry Mortiaux et les graveurs belges. \u2022\u2022\u2022\u2022\u2022\u2022\u2022\u2022\u2022\u2022\u2022\u2022\u2022\u2022\u2022\u2022\u2022\u2022\u2022\u2022\u2022\u2022\u2022\u2022\u2022\u2022\u2022\u2022\u2022\u2022\u2022\u2022\u2022\u2022\u2022\u2022\u2022\u2022\u2022\u2022\u2022\u2022\u2022\u2022\u2022\u2022\u2022\u2022\u2022\u2022\u2022\u2022\u2022\u2022\u2022\u2022\u2022\u2022\u2022\u2022\u2022\u2022\u2022\u2022\u2022\u2022\u2022\u2022\u2022\u2022\u2022\u2022\u2022\u2022\u2022\u2022\u2022\u2022\u2022\u2022\u2022\u2022\u2022\u2022\u2022\u2022\u2022\u2022\u2022\u2022\u2022 Article paru dans Collect AAA, mai 2016, Gwenaelle Gribaumont &nbsp; Article paru dans le Vif, l&rsquo;oeuvre de la semaine, Guy Gilsoul, 2016 &nbsp; Article paru dans Le Vif\u00a0 Focus, mai 2016, Michel Verlinden &nbsp; Galerie Epreuve d&rsquo;Artiste Anvers 2014 &nbsp; &nbsp; &nbsp; &nbsp; &nbsp; &nbsp; Article paru dans la Libre Belgique le 7 juin 2013 Article paru dans l\u2019ECHO, quotidien Belge, le samedi 1 juin 2013 Article paru dans la Libre Belgique, le 19 f\u00e9vrier 2010 Article paru dans le M.A.D. le 17 f\u00e9vrier 2010 Article paru dans le Vif L\u2019Express du 22 janvier 2010<\/p>\n","protected":false},"author":1,"featured_media":286,"parent":0,"menu_order":0,"comment_status":"closed","ping_status":"closed","template":"","meta":{"footnotes":""},"class_list":["post-8","page","type-page","status-publish","has-post-thumbnail","hentry"],"_links":{"self":[{"href":"https:\/\/thierrymortiaux.com\/index.php\/wp-json\/wp\/v2\/pages\/8","targetHints":{"allow":["GET"]}}],"collection":[{"href":"https:\/\/thierrymortiaux.com\/index.php\/wp-json\/wp\/v2\/pages"}],"about":[{"href":"https:\/\/thierrymortiaux.com\/index.php\/wp-json\/wp\/v2\/types\/page"}],"author":[{"embeddable":true,"href":"https:\/\/thierrymortiaux.com\/index.php\/wp-json\/wp\/v2\/users\/1"}],"replies":[{"embeddable":true,"href":"https:\/\/thierrymortiaux.com\/index.php\/wp-json\/wp\/v2\/comments?post=8"}],"version-history":[{"count":63,"href":"https:\/\/thierrymortiaux.com\/index.php\/wp-json\/wp\/v2\/pages\/8\/revisions"}],"predecessor-version":[{"id":366,"href":"https:\/\/thierrymortiaux.com\/index.php\/wp-json\/wp\/v2\/pages\/8\/revisions\/366"}],"wp:featuredmedia":[{"embeddable":true,"href":"https:\/\/thierrymortiaux.com\/index.php\/wp-json\/wp\/v2\/media\/286"}],"wp:attachment":[{"href":"https:\/\/thierrymortiaux.com\/index.php\/wp-json\/wp\/v2\/media?parent=8"}],"curies":[{"name":"wp","href":"https:\/\/api.w.org\/{rel}","templated":true}]}}